{"id":1537,"date":"2023-02-27T15:48:59","date_gmt":"2023-02-27T14:48:59","guid":{"rendered":"https:\/\/test.gsb-international.de\/history-and-tasks\/"},"modified":"2023-04-12T14:09:07","modified_gmt":"2023-04-12T12:09:07","slug":"history-and-tasks","status":"publish","type":"page","link":"https:\/\/gsb.watzlawik-testserver.de\/en\/gsb\/history-and-tasks\/","title":{"rendered":"History and tasks"},"content":{"rendered":"\t\t<div data-elementor-type=\"wp-page\" data-elementor-id=\"1537\" class=\"elementor elementor-1537 elementor-155\">\n\t\t\t\t\t\t\t<div class=\"elementor-element elementor-element-546601c e-con-boxed e-con\" data-id=\"546601c\" data-element_type=\"container\" data-settings=\"{&quot;content_width&quot;:&quot;boxed&quot;}\">\n\t\t\t\t\t<div class=\"e-con-inner\">\n\t\t<div class=\"elementor-element elementor-element-f6a6183 e-con-full e-con\" data-id=\"f6a6183\" data-element_type=\"container\" data-settings=\"{&quot;content_width&quot;:&quot;full&quot;}\">\n\t\t\t\t<div class=\"elementor-element elementor-element-0b73068 elementor-widget elementor-widget-heading\" data-id=\"0b73068\" data-element_type=\"widget\" data-widget_type=\"heading.default\">\n\t\t\t\t<div class=\"elementor-widget-container\">\n\t\t\t<style>\/*! elementor - v3.12.1 - 02-04-2023 *\/\n.elementor-heading-title{padding:0;margin:0;line-height:1}.elementor-widget-heading .elementor-heading-title[class*=elementor-size-]>a{color:inherit;font-size:inherit;line-height:inherit}.elementor-widget-heading .elementor-heading-title.elementor-size-small{font-size:15px}.elementor-widget-heading .elementor-heading-title.elementor-size-medium{font-size:19px}.elementor-widget-heading .elementor-heading-title.elementor-size-large{font-size:29px}.elementor-widget-heading .elementor-heading-title.elementor-size-xl{font-size:39px}.elementor-widget-heading .elementor-heading-title.elementor-size-xxl{font-size:59px}<\/style><h1 class=\"elementor-heading-title elementor-size-default\">History and tasks\n<\/h1>\t\t<\/div>\n\t\t\t\t<\/div>\n\t\t\t\t<\/div>\n\t\t<div class=\"elementor-element elementor-element-4ef29b8 e-con-full e-con\" data-id=\"4ef29b8\" data-element_type=\"container\" data-settings=\"{&quot;content_width&quot;:&quot;full&quot;}\">\n\t\t\t\t<div class=\"elementor-element elementor-element-3c5a62f elementor-widget elementor-widget-text-editor\" data-id=\"3c5a62f\" data-element_type=\"widget\" data-widget_type=\"text-editor.default\">\n\t\t\t\t<div class=\"elementor-widget-container\">\n\t\t\t<style>\/*! elementor - v3.12.1 - 02-04-2023 *\/\n.elementor-widget-text-editor.elementor-drop-cap-view-stacked .elementor-drop-cap{background-color:#69727d;color:#fff}.elementor-widget-text-editor.elementor-drop-cap-view-framed .elementor-drop-cap{color:#69727d;border:3px solid;background-color:transparent}.elementor-widget-text-editor:not(.elementor-drop-cap-view-default) .elementor-drop-cap{margin-top:8px}.elementor-widget-text-editor:not(.elementor-drop-cap-view-default) .elementor-drop-cap-letter{width:1em;height:1em}.elementor-widget-text-editor .elementor-drop-cap{float:left;text-align:center;line-height:1;font-size:50px}.elementor-widget-text-editor .elementor-drop-cap-letter{display:inline-block}<\/style>\t\t\t\t<p>GSB International defines standards of quality for the area of aluminium and steel coating \u2013 all across Europe. This becomes clear by taking a look at the map of GSB member states.<\/p>\n<p>At the end of November 1976 30 participants representing 23 companies convened for an inaugural meeting in Munich with the aim of founding a quality association for the coating of components. A founding commission comprised of 12 individuals was subsequently established. A trade journal designated this quality association the \u201eCoating Brotherhood\u201d. They set out to prevent poor quality from ruining the young and still-blossoming market and save coating from falling victim to a bad reputation. The goal was to achieve optimisation rather than maximisation of requirements for coating processes and foster consistent improvements in coating quality.<\/p>\n<p>GSB currently has 160 members across 25 countries \u2013 and our numbers are growing. We work together with international partners and testing institutes, including those in Greece, the Czech Republic and Austria. In order to incorporate international members, GSB maintains international networks and offers training courses in English.<\/p>\n\t\t\t\t\t\t<\/div>\n\t\t\t\t<\/div>\n\t\t\t\t<\/div>\n\t\t<div class=\"elementor-element elementor-element-a546377 e-con-full e-con\" data-id=\"a546377\" data-element_type=\"container\" data-settings=\"{&quot;content_width&quot;:&quot;full&quot;}\">\n\t\t\t\t<div class=\"elementor-element elementor-element-24b5788 elementor-widget elementor-widget-text-editor\" data-id=\"24b5788\" data-element_type=\"widget\" data-widget_type=\"text-editor.default\">\n\t\t\t\t<div class=\"elementor-widget-container\">\n\t\t\t\t\t\t\t<p><strong>Founding commision of GSB International 1977<\/strong><\/p>\n<p>Hans Birtel, Dr. Ludwig Bosdorf, Dr. Helmut D\u00f6lling, Harald Knufinke, Erich Schunter, Winfried S\u00fcss, Klaus Stahl, Dr. Fedor C. Strahl, Hans J\u00fcrgen Streitz, Emil Wahl, Kurt Weigel, Alfred Zepfel<\/p>\n\t\t\t\t\t\t<\/div>\n\t\t\t\t<\/div>\n\t\t\t\t<\/div>\n\t\t\t\t\t<\/div>\n\t\t\t\t<\/div>\n\t\t\t\t\t\t\t<\/div>\n\t\t","protected":false},"excerpt":{"rendered":"<p>History and tasks GSB International defines standards of quality for the area of aluminium and steel coating \u2013 all across Europe. This becomes clear by taking a look at the map of GSB member states. At the end of November 1976 30 participants representing 23 companies convened for an inaugural meeting in Munich with the [&hellip;]<\/p>\n","protected":false},"author":1,"featured_media":0,"parent":1539,"menu_order":0,"comment_status":"closed","ping_status":"closed","template":"","meta":{"footnotes":""},"class_list":["post-1537","page","type-page","status-publish","hentry"],"yoast_head":"<!-- This site is optimized with the Yoast SEO plugin v20.6 - https:\/\/yoast.com\/wordpress\/plugins\/seo\/ -->\n<title>GSB International e.V. | History and tasks<\/title>\n<meta name=\"description\" content=\"GSB International ensures the quality of coatings on workpieces and the pretreatment and coating materials used in the process.\" \/>\n<meta name=\"robots\" content=\"noindex, follow, max-snippet:-1, max-image-preview:large, max-video-preview:-1\" \/>\n<meta property=\"og:locale\" content=\"en_US\" \/>\n<meta property=\"og:type\" content=\"article\" \/>\n<meta property=\"og:title\" content=\"GSB International e.V. | History and tasks\" \/>\n<meta property=\"og:description\" content=\"GSB International ensures the quality of coatings on workpieces and the pretreatment and coating materials used in the process.\" \/>\n<meta property=\"og:url\" content=\"https:\/\/gsb.watzlawik-testserver.de\/en\/gsb\/history-and-tasks\/\" \/>\n<meta property=\"og:site_name\" content=\"GSB International e.V.\" \/>\n<meta property=\"article:modified_time\" content=\"2023-04-12T12:09:07+00:00\" \/>\n<meta name=\"twitter:card\" content=\"summary_large_image\" \/>\n<meta name=\"twitter:label1\" content=\"Est. reading time\" \/>\n\t<meta name=\"twitter:data1\" content=\"1 minute\" \/>\n<script type=\"application\/ld+json\" class=\"yoast-schema-graph\">{\"@context\":\"https:\/\/schema.org\",\"@graph\":[{\"@type\":\"WebPage\",\"@id\":\"https:\/\/gsb.watzlawik-testserver.de\/en\/gsb\/history-and-tasks\/\",\"url\":\"https:\/\/gsb.watzlawik-testserver.de\/en\/gsb\/history-and-tasks\/\",\"name\":\"GSB International e.V. | History and tasks\",\"isPartOf\":{\"@id\":\"https:\/\/gsb.watzlawik-testserver.de\/#website\"},\"datePublished\":\"2023-02-27T14:48:59+00:00\",\"dateModified\":\"2023-04-12T12:09:07+00:00\",\"description\":\"GSB International ensures the quality of coatings on workpieces and the pretreatment and coating materials used in the process.\",\"breadcrumb\":{\"@id\":\"https:\/\/gsb.watzlawik-testserver.de\/en\/gsb\/history-and-tasks\/#breadcrumb\"},\"inLanguage\":\"en-US\",\"potentialAction\":[{\"@type\":\"ReadAction\",\"target\":[\"https:\/\/gsb.watzlawik-testserver.de\/en\/gsb\/history-and-tasks\/\"]}]},{\"@type\":\"BreadcrumbList\",\"@id\":\"https:\/\/gsb.watzlawik-testserver.de\/en\/gsb\/history-and-tasks\/#breadcrumb\",\"itemListElement\":[{\"@type\":\"ListItem\",\"position\":1,\"name\":\"Startseite\",\"item\":\"https:\/\/gsb.watzlawik-testserver.de\/en\/home\/\"},{\"@type\":\"ListItem\",\"position\":2,\"name\":\"GSB\",\"item\":\"https:\/\/gsb.watzlawik-testserver.de\/en\/gsb\/\"},{\"@type\":\"ListItem\",\"position\":3,\"name\":\"History and tasks\"}]},{\"@type\":\"WebSite\",\"@id\":\"https:\/\/gsb.watzlawik-testserver.de\/#website\",\"url\":\"https:\/\/gsb.watzlawik-testserver.de\/\",\"name\":\"GSB International e.V.\",\"description\":\"\",\"publisher\":{\"@id\":\"https:\/\/gsb.watzlawik-testserver.de\/#organization\"},\"potentialAction\":[{\"@type\":\"SearchAction\",\"target\":{\"@type\":\"EntryPoint\",\"urlTemplate\":\"https:\/\/gsb.watzlawik-testserver.de\/?s={search_term_string}\"},\"query-input\":\"required name=search_term_string\"}],\"inLanguage\":\"en-US\"},{\"@type\":\"Organization\",\"@id\":\"https:\/\/gsb.watzlawik-testserver.de\/#organization\",\"name\":\"GSB International e.V.\",\"url\":\"https:\/\/gsb.watzlawik-testserver.de\/\",\"logo\":{\"@type\":\"ImageObject\",\"inLanguage\":\"en-US\",\"@id\":\"https:\/\/gsb.watzlawik-testserver.de\/#\/schema\/logo\/image\/\",\"url\":\"https:\/\/gsb.watzlawik-testserver.de\/wp-content\/uploads\/2023\/02\/GSB-Logo.jpg\",\"contentUrl\":\"https:\/\/gsb.watzlawik-testserver.de\/wp-content\/uploads\/2023\/02\/GSB-Logo.jpg\",\"width\":603,\"height\":252,\"caption\":\"GSB International e.V.\"},\"image\":{\"@id\":\"https:\/\/gsb.watzlawik-testserver.de\/#\/schema\/logo\/image\/\"},\"sameAs\":[\"https:\/\/www.instagram.com\/gsbinternational\/\",\"https:\/\/www.linkedin.com\/company\/gsb-international\/\"]}]}<\/script>\n<!-- \/ Yoast SEO plugin. -->","yoast_head_json":{"title":"GSB International e.V. | History and tasks","description":"GSB International ensures the quality of coatings on workpieces and the pretreatment and coating materials used in the process.","robots":{"index":"noindex","follow":"follow","max-snippet":"max-snippet:-1","max-image-preview":"max-image-preview:large","max-video-preview":"max-video-preview:-1"},"og_locale":"en_US","og_type":"article","og_title":"GSB International e.V. | History and tasks","og_description":"GSB International ensures the quality of coatings on workpieces and the pretreatment and coating materials used in the process.","og_url":"https:\/\/gsb.watzlawik-testserver.de\/en\/gsb\/history-and-tasks\/","og_site_name":"GSB International e.V.","article_modified_time":"2023-04-12T12:09:07+00:00","twitter_card":"summary_large_image","twitter_misc":{"Est. reading time":"1 minute"},"schema":{"@context":"https:\/\/schema.org","@graph":[{"@type":"WebPage","@id":"https:\/\/gsb.watzlawik-testserver.de\/en\/gsb\/history-and-tasks\/","url":"https:\/\/gsb.watzlawik-testserver.de\/en\/gsb\/history-and-tasks\/","name":"GSB International e.V. | History and tasks","isPartOf":{"@id":"https:\/\/gsb.watzlawik-testserver.de\/#website"},"datePublished":"2023-02-27T14:48:59+00:00","dateModified":"2023-04-12T12:09:07+00:00","description":"GSB International ensures the quality of coatings on workpieces and the pretreatment and coating materials used in the process.","breadcrumb":{"@id":"https:\/\/gsb.watzlawik-testserver.de\/en\/gsb\/history-and-tasks\/#breadcrumb"},"inLanguage":"en-US","potentialAction":[{"@type":"ReadAction","target":["https:\/\/gsb.watzlawik-testserver.de\/en\/gsb\/history-and-tasks\/"]}]},{"@type":"BreadcrumbList","@id":"https:\/\/gsb.watzlawik-testserver.de\/en\/gsb\/history-and-tasks\/#breadcrumb","itemListElement":[{"@type":"ListItem","position":1,"name":"Startseite","item":"https:\/\/gsb.watzlawik-testserver.de\/en\/home\/"},{"@type":"ListItem","position":2,"name":"GSB","item":"https:\/\/gsb.watzlawik-testserver.de\/en\/gsb\/"},{"@type":"ListItem","position":3,"name":"History and tasks"}]},{"@type":"WebSite","@id":"https:\/\/gsb.watzlawik-testserver.de\/#website","url":"https:\/\/gsb.watzlawik-testserver.de\/","name":"GSB International e.V.","description":"","publisher":{"@id":"https:\/\/gsb.watzlawik-testserver.de\/#organization"},"potentialAction":[{"@type":"SearchAction","target":{"@type":"EntryPoint","urlTemplate":"https:\/\/gsb.watzlawik-testserver.de\/?s={search_term_string}"},"query-input":"required name=search_term_string"}],"inLanguage":"en-US"},{"@type":"Organization","@id":"https:\/\/gsb.watzlawik-testserver.de\/#organization","name":"GSB International e.V.","url":"https:\/\/gsb.watzlawik-testserver.de\/","logo":{"@type":"ImageObject","inLanguage":"en-US","@id":"https:\/\/gsb.watzlawik-testserver.de\/#\/schema\/logo\/image\/","url":"https:\/\/gsb.watzlawik-testserver.de\/wp-content\/uploads\/2023\/02\/GSB-Logo.jpg","contentUrl":"https:\/\/gsb.watzlawik-testserver.de\/wp-content\/uploads\/2023\/02\/GSB-Logo.jpg","width":603,"height":252,"caption":"GSB International e.V."},"image":{"@id":"https:\/\/gsb.watzlawik-testserver.de\/#\/schema\/logo\/image\/"},"sameAs":["https:\/\/www.instagram.com\/gsbinternational\/","https:\/\/www.linkedin.com\/company\/gsb-international\/"]}]}},"_links":{"self":[{"href":"https:\/\/gsb.watzlawik-testserver.de\/en\/wp-json\/wp\/v2\/pages\/1537","targetHints":{"allow":["GET"]}}],"collection":[{"href":"https:\/\/gsb.watzlawik-testserver.de\/en\/wp-json\/wp\/v2\/pages"}],"about":[{"href":"https:\/\/gsb.watzlawik-testserver.de\/en\/wp-json\/wp\/v2\/types\/page"}],"author":[{"embeddable":true,"href":"https:\/\/gsb.watzlawik-testserver.de\/en\/wp-json\/wp\/v2\/users\/1"}],"replies":[{"embeddable":true,"href":"https:\/\/gsb.watzlawik-testserver.de\/en\/wp-json\/wp\/v2\/comments?post=1537"}],"version-history":[{"count":1,"href":"https:\/\/gsb.watzlawik-testserver.de\/en\/wp-json\/wp\/v2\/pages\/1537\/revisions"}],"predecessor-version":[{"id":1538,"href":"https:\/\/gsb.watzlawik-testserver.de\/en\/wp-json\/wp\/v2\/pages\/1537\/revisions\/1538"}],"up":[{"embeddable":true,"href":"https:\/\/gsb.watzlawik-testserver.de\/en\/wp-json\/wp\/v2\/pages\/1539"}],"wp:attachment":[{"href":"https:\/\/gsb.watzlawik-testserver.de\/en\/wp-json\/wp\/v2\/media?parent=1537"}],"curies":[{"name":"wp","href":"https:\/\/api.w.org\/{rel}","templated":true}]}}